{"id":184,"date":"2020-08-22T19:08:50","date_gmt":"2020-08-22T19:08:50","guid":{"rendered":"https:\/\/heilmassage-jg.at\/?page_id=184"},"modified":"2020-08-22T19:08:50","modified_gmt":"2020-08-22T19:08:50","slug":"bindegewebsmassage","status":"publish","type":"page","link":"https:\/\/heilmassage-jg.at\/index.php\/bindegewebsmassage\/","title":{"rendered":"Bindegewebsmassage"},"content":{"rendered":"<p>Bei der Bindegewebsmassage wird der Fokus auf die Reflexzonen der Haut gelegt. Verschiedenste Krankheitsbilder k\u00f6nnen sich durch Quellungen, Einziehungen oder erh\u00f6hte Spannung der Haut an den zust\u00e4ndigen Reflexzonen zeigen.<\/p>\n<p>Die speziellen Griffe der Bindegewebsmassage haben eine durchblutungsf\u00f6rdernde Wirkung. Ziel der Behandlung ist ein Spannungsausgleich im Bindegewebe und dadurch auch eine Verbesserung der Krankheitssymptomatik.<\/p>\n","protected":false},"excerpt":{"rendered":"<p>Bei der Bindegewebsmassage wird der Fokus auf die Reflexzonen der Haut gelegt. Verschiedenste Krankheitsbilder k\u00f6nnen sich durch Quellungen, Einziehungen oder erh\u00f6hte Spannung der Haut an&hellip;<\/p>\n","protected":false},"author":4,"featured_media":0,"parent":0,"menu_order":0,"comment_status":"closed","ping_status":"closed","template":"","meta":{"ngg_post_thumbnail":0,"footnotes":""},"class_list":["post-184","page","type-page","status-publish","hentry"],"_links":{"self":[{"href":"https:\/\/heilmassage-jg.at\/index.php\/wp-json\/wp\/v2\/pages\/184","targetHints":{"allow":["GET"]}}],"collection":[{"href":"https:\/\/heilmassage-jg.at\/index.php\/wp-json\/wp\/v2\/pages"}],"about":[{"href":"https:\/\/heilmassage-jg.at\/index.php\/wp-json\/wp\/v2\/types\/page"}],"author":[{"embeddable":true,"href":"https:\/\/heilmassage-jg.at\/index.php\/wp-json\/wp\/v2\/users\/4"}],"replies":[{"embeddable":true,"href":"https:\/\/heilmassage-jg.at\/index.php\/wp-json\/wp\/v2\/comments?post=184"}],"version-history":[{"count":0,"href":"https:\/\/heilmassage-jg.at\/index.php\/wp-json\/wp\/v2\/pages\/184\/revisions"}],"wp:attachment":[{"href":"https:\/\/heilmassage-jg.at\/index.php\/wp-json\/wp\/v2\/media?parent=184"}],"curies":[{"name":"wp","href":"https:\/\/api.w.org\/{rel}","templated":true}]}}