{"id":188,"date":"2020-08-22T19:10:28","date_gmt":"2020-08-22T19:10:28","guid":{"rendered":"https:\/\/heilmassage-jg.at\/?page_id=188"},"modified":"2021-06-20T16:52:13","modified_gmt":"2021-06-20T16:52:13","slug":"r-e-s-e-t-kiefergelenksentspannung","status":"publish","type":"page","link":"https:\/\/heilmassage-jg.at\/index.php\/r-e-s-e-t-kiefergelenksentspannung\/","title":{"rendered":"R.E.S.E.T &#8211; Kiefergelenksentspannung"},"content":{"rendered":"<p><strong>R.E.S.E.T<\/strong> ist die Abk\u00fcrzung von Rafferty Energy System of easing the TGM (Kiefergelenk). Das Wort R.E.S.E.T bedeutet neu einstellen, also neu und ausgeglichen anfangen! Diese Methode wurde von dem Australier Philip Rafferty aus seinen Erfahrungen in der Kinesiologie, der Craniosakralen Therapie und der Energiearbeit entwickelt.<\/p>\n<p>R.E.S.E.T ist eine sanfte und wirkungsvolle Methode, die die Kiefermuskeln entspannt. Durch diese Methode stellt sich das nat\u00fcrliche Gleichgewicht des Kiefergelenkes wieder her und erm\u00f6glicht, dass das Kiefergelenk seine normale Funktion wieder aufnehmen kann.<\/p>\n<p>Das Kiefergelenk hat starken Einfluss auf viele K\u00f6rperfunktionen. Es beeinflusst das Skelett, die Muskeln, B\u00e4nder und Sehnen, sowie das Meridian- und Nervensystem. Verspannungen in den Kiefermuskeln k\u00f6nnen die nat\u00fcrliche Position des Kiefergelenks ver\u00e4ndern. Dies kann zu einem Ungleichgewicht und Schmerzen im ganzen K\u00f6rper f\u00fchren. R\u00fccken und Nacken k\u00f6nnen sich entspannen und Spannungen im Kopf lassen nach.<\/p>\n<p>Die <strong>Hauptsymptome<\/strong>, die mit dem Kiefergelenk in Zusammenhang gebracht werden sind:<br \/>\n&#8211; Kieferger\u00e4usche<br \/>\n&#8211; Z\u00e4hneknirschen<br \/>\n&#8211; Kaubeschwerden<br \/>\n&#8211; St\u00e4ndiges Z\u00e4hne zusammenbei\u00dfen<br \/>\n&#8211; Unf\u00e4higkeit nach einer Zahnbehandlung den Mund weit zu \u00f6ffnen<br \/>\n&#8211; Verspannungen im Kopf-, Schulter-, R\u00fccken- und Nackenbereich<br \/>\n&#8211; Kopfschmerzen und Migr\u00e4ne<br \/>\n&#8211; Tinnitus, Ohrendruck, Ohrenschmerzen und H\u00f6rprobleme<\/p>\n<p>ngg_shortcode_0_placeholder<img loading=\"lazy\" decoding=\"async\" class=\"alignnone size-medium wp-image-259\" src=\"https:\/\/heilmassage-jg.at\/wp-content\/uploads\/2020\/08\/DSC01921_-300x200.png\" alt=\"\" width=\"300\" height=\"200\"><\/p>\n","protected":false},"excerpt":{"rendered":"<p>R.E.S.E.T ist die Abk\u00fcrzung von Rafferty Energy System of easing the TGM (Kiefergelenk). Das Wort R.E.S.E.T bedeutet neu einstellen, also neu und ausgeglichen anfangen! Diese&hellip;<\/p>\n","protected":false},"author":4,"featured_media":0,"parent":0,"menu_order":0,"comment_status":"closed","ping_status":"closed","template":"","meta":{"ngg_post_thumbnail":0,"footnotes":""},"class_list":["post-188","page","type-page","status-publish","hentry"],"_links":{"self":[{"href":"https:\/\/heilmassage-jg.at\/index.php\/wp-json\/wp\/v2\/pages\/188","targetHints":{"allow":["GET"]}}],"collection":[{"href":"https:\/\/heilmassage-jg.at\/index.php\/wp-json\/wp\/v2\/pages"}],"about":[{"href":"https:\/\/heilmassage-jg.at\/index.php\/wp-json\/wp\/v2\/types\/page"}],"author":[{"embeddable":true,"href":"https:\/\/heilmassage-jg.at\/index.php\/wp-json\/wp\/v2\/users\/4"}],"replies":[{"embeddable":true,"href":"https:\/\/heilmassage-jg.at\/index.php\/wp-json\/wp\/v2\/comments?post=188"}],"version-history":[{"count":1,"href":"https:\/\/heilmassage-jg.at\/index.php\/wp-json\/wp\/v2\/pages\/188\/revisions"}],"predecessor-version":[{"id":387,"href":"https:\/\/heilmassage-jg.at\/index.php\/wp-json\/wp\/v2\/pages\/188\/revisions\/387"}],"wp:attachment":[{"href":"https:\/\/heilmassage-jg.at\/index.php\/wp-json\/wp\/v2\/media?parent=188"}],"curies":[{"name":"wp","href":"https:\/\/api.w.org\/{rel}","templated":true}]}}